{"id":112,"date":"2018-06-29T12:58:41","date_gmt":"2018-06-29T10:58:41","guid":{"rendered":"http:\/\/eaa.sh176688.website.pl\/?page_id=112"},"modified":"2020-01-31T09:44:20","modified_gmt":"2020-01-31T08:44:20","slug":"inicjatywa-2","status":"publish","type":"page","link":"https:\/\/eaa-wsm.pl\/index.php\/inicjatywa-2\/","title":{"rendered":"INICJATYWA"},"content":{"rendered":"<p>Inicjatywa zawi\u0105zania organizacji sieciuj\u0105cej podmioty zwi\u0105zane z motoryzacj\u0105 narodzi\u0142a si\u0119 w \u015brodowisku mened\u017cer\u00f3w bran\u017cy automotive.<\/p>\n<p>Ide\u0119 jaka przy\u015bwieca\u0142a powstaniu tej inicjatywy wyra\u017ca tre\u015b\u0107 Listu Intencyjnego podpisanego latem 2014 roku w Sali Sejmowej zamku Tarnowskich w Tarnobrzegu-Dzikowie.<\/p>\n<p><img fetchpriority=\"high\" decoding=\"async\" class=\"aligncenter size-full wp-image-491\" src=\"https:\/\/eaa-wsm.pl\/wp-content\/uploads\/2020\/01\/list-motywacyjny-klastra-scaled.jpg\" alt=\"\" width=\"1758\" height=\"2560\" srcset=\"https:\/\/eaa-wsm.pl\/wp-content\/uploads\/2020\/01\/list-motywacyjny-klastra-scaled.jpg 1758w, https:\/\/eaa-wsm.pl\/wp-content\/uploads\/2020\/01\/list-motywacyjny-klastra-206x300.jpg 206w, https:\/\/eaa-wsm.pl\/wp-content\/uploads\/2020\/01\/list-motywacyjny-klastra-703x1024.jpg 703w, https:\/\/eaa-wsm.pl\/wp-content\/uploads\/2020\/01\/list-motywacyjny-klastra-768x1119.jpg 768w, https:\/\/eaa-wsm.pl\/wp-content\/uploads\/2020\/01\/list-motywacyjny-klastra-1055x1536.jpg 1055w, https:\/\/eaa-wsm.pl\/wp-content\/uploads\/2020\/01\/list-motywacyjny-klastra-1406x2048.jpg 1406w\" sizes=\"(max-width: 1758px) 100vw, 1758px\" \/><\/p>\n","protected":false},"excerpt":{"rendered":"<p>Inicjatywa zawi\u0105zania organizacji sieciuj\u0105cej podmioty zwi\u0105zane z motoryzacj\u0105 narodzi\u0142a si\u0119 w \u015brodowisku mened\u017cer\u00f3w bran\u017cy automotive. Ide\u0119 jaka przy\u015bwieca\u0142a powstaniu tej inicjatywy wyra\u017ca tre\u015b\u0107 Listu Intencyjnego podpisanego latem 2014 roku w Sali Sejmowej zamku Tarnowskich w Tarnobrzegu-Dzikowie.<\/p>\n","protected":false},"author":1,"featured_media":0,"parent":0,"menu_order":0,"comment_status":"closed","ping_status":"closed","template":"","meta":{"footnotes":""},"class_list":["post-112","page","type-page","status-publish","hentry"],"_links":{"self":[{"href":"https:\/\/eaa-wsm.pl\/index.php\/wp-json\/wp\/v2\/pages\/112","targetHints":{"allow":["GET"]}}],"collection":[{"href":"https:\/\/eaa-wsm.pl\/index.php\/wp-json\/wp\/v2\/pages"}],"about":[{"href":"https:\/\/eaa-wsm.pl\/index.php\/wp-json\/wp\/v2\/types\/page"}],"author":[{"embeddable":true,"href":"https:\/\/eaa-wsm.pl\/index.php\/wp-json\/wp\/v2\/users\/1"}],"replies":[{"embeddable":true,"href":"https:\/\/eaa-wsm.pl\/index.php\/wp-json\/wp\/v2\/comments?post=112"}],"version-history":[{"count":4,"href":"https:\/\/eaa-wsm.pl\/index.php\/wp-json\/wp\/v2\/pages\/112\/revisions"}],"predecessor-version":[{"id":492,"href":"https:\/\/eaa-wsm.pl\/index.php\/wp-json\/wp\/v2\/pages\/112\/revisions\/492"}],"wp:attachment":[{"href":"https:\/\/eaa-wsm.pl\/index.php\/wp-json\/wp\/v2\/media?parent=112"}],"curies":[{"name":"wp","href":"https:\/\/api.w.org\/{rel}","templated":true}]}}