{"id":116,"date":"2018-06-29T12:59:47","date_gmt":"2018-06-29T10:59:47","guid":{"rendered":"http:\/\/eaa.sh176688.website.pl\/?page_id=116"},"modified":"2020-03-03T10:13:15","modified_gmt":"2020-03-03T09:13:15","slug":"cel-2","status":"publish","type":"page","link":"https:\/\/eaa-wsm.pl\/index.php\/cel-2\/","title":{"rendered":"CEL"},"content":{"rendered":"<p style=\"text-align: justify;\"><strong>Cel inicjatywy klastrowej Wschodni Sojusz Motoryzacyjny wyra\u017caj\u0105 trzy cele kierunkowe:<\/strong><\/p>\n<p style=\"text-align: justify;\">\n<ol>\n<li style=\"text-align: justify;\"><strong>Ochrona i reprezentacja interes\u00f3w przedsi\u0119biorstw<\/strong> bran\u017cy motoryzacyjnej oraz zwi\u0105zanych z ni\u0105 przedsi\u0119biorc\u00f3w i kooperant\u00f3w.<\/li>\n<li style=\"text-align: justify;\"><strong>Tworzenie warunk\u00f3w sprzyjaj\u0105cych rozwojowi bran\u017cy<\/strong> motoryzacyjnej na terenie Rzeczypospolitej Polskiej ze szczeg\u00f3lnym uwzgl\u0119dnieniem Makroregionu Polski Wschodniej.<\/li>\n<li style=\"text-align: justify;\"><strong>Propagowanie wiedzy o motoryzacji<\/strong>\u00a0oraz zaanga\u017cowanie w procesie kreowania polityki edukacyjnej ukierunkowanej na przygotowywanie kadr gospodarki regionalnej.<\/li>\n<\/ol>\n","protected":false},"excerpt":{"rendered":"<p>Cel inicjatywy klastrowej Wschodni Sojusz Motoryzacyjny wyra\u017caj\u0105 trzy cele kierunkowe: Ochrona i reprezentacja interes\u00f3w przedsi\u0119biorstw bran\u017cy motoryzacyjnej oraz zwi\u0105zanych z ni\u0105 przedsi\u0119biorc\u00f3w i kooperant\u00f3w. Tworzenie warunk\u00f3w sprzyjaj\u0105cych rozwojowi bran\u017cy motoryzacyjnej na terenie Rzeczypospolitej Polskiej ze szczeg\u00f3lnym uwzgl\u0119dnieniem Makroregionu Polski Wschodniej. Propagowanie wiedzy o motoryzacji\u00a0oraz zaanga\u017cowanie w procesie kreowania polityki edukacyjnej ukierunkowanej na przygotowywanie kadr gospodarki <a href=\"https:\/\/eaa-wsm.pl\/index.php\/cel-2\/\" rel=\"nofollow\"><span class=\"sr-only\">Read more about CEL<\/span>[&hellip;]<\/a><\/p>\n","protected":false},"author":1,"featured_media":0,"parent":0,"menu_order":0,"comment_status":"closed","ping_status":"closed","template":"","meta":{"footnotes":""},"class_list":["post-116","page","type-page","status-publish","hentry"],"_links":{"self":[{"href":"https:\/\/eaa-wsm.pl\/index.php\/wp-json\/wp\/v2\/pages\/116","targetHints":{"allow":["GET"]}}],"collection":[{"href":"https:\/\/eaa-wsm.pl\/index.php\/wp-json\/wp\/v2\/pages"}],"about":[{"href":"https:\/\/eaa-wsm.pl\/index.php\/wp-json\/wp\/v2\/types\/page"}],"author":[{"embeddable":true,"href":"https:\/\/eaa-wsm.pl\/index.php\/wp-json\/wp\/v2\/users\/1"}],"replies":[{"embeddable":true,"href":"https:\/\/eaa-wsm.pl\/index.php\/wp-json\/wp\/v2\/comments?post=116"}],"version-history":[{"count":3,"href":"https:\/\/eaa-wsm.pl\/index.php\/wp-json\/wp\/v2\/pages\/116\/revisions"}],"predecessor-version":[{"id":614,"href":"https:\/\/eaa-wsm.pl\/index.php\/wp-json\/wp\/v2\/pages\/116\/revisions\/614"}],"wp:attachment":[{"href":"https:\/\/eaa-wsm.pl\/index.php\/wp-json\/wp\/v2\/media?parent=116"}],"curies":[{"name":"wp","href":"https:\/\/api.w.org\/{rel}","templated":true}]}}