{"id":120,"date":"2018-06-29T13:01:22","date_gmt":"2018-06-29T11:01:22","guid":{"rendered":"http:\/\/eaa.sh176688.website.pl\/?page_id=120"},"modified":"2026-02-05T08:23:05","modified_gmt":"2026-02-05T07:23:05","slug":"czlonkowie-klastra","status":"publish","type":"page","link":"https:\/\/eaa-wsm.pl\/index.php\/czlonkowie-klastra\/","title":{"rendered":"CZ\u0141ONKOWIE KLASTRA"},"content":{"rendered":"<h1>Lista cz\u0142onk\u00f3w klastra Wschodni Sojusz Motoryzacyjny<\/h1>\n<table class=\"table table-hover table-striped\" style=\"width: 100%; height: 977px;\">\n<tbody>\n<tr style=\"height: 45px;\">\n<td style=\"height: 45px; width: 18.4524%;\"><strong>Nr w rejestrze klastra<\/strong><\/td>\n<td style=\"height: 45px; width: 37.8571%;\"><strong>Nazwa cz\u0142onka klastra<\/strong><\/td>\n<td style=\"height: 45px; width: 42.5%;\"><strong>Strona internetowa<\/strong><\/td>\n<\/tr>\n<tr style=\"height: 24px;\">\n<td style=\"height: 24px; width: 18.4524%;\">EAA\/2015\/1<\/td>\n<td style=\"height: 24px; width: 37.8571%;\">Superior Industries Production Poland Sp. z o.o.<\/td>\n<td style=\"height: 24px; width: 42.5%;\"><a href=\"https:\/\/www.supind.com\/\">https:\/\/www.supind.com\/<\/a><\/td>\n<\/tr>\n<tr style=\"height: 45px;\">\n<td style=\"height: 45px; width: 18.4524%;\">EAA\/2015\/2<\/td>\n<td style=\"height: 45px; width: 37.8571%;\">Pilkington Automotive Poland Sp. z o.o.<\/td>\n<td style=\"height: 45px; width: 42.5%;\"><a href=\"https:\/\/www.pilkington.com\/pl-pl\/pl\/automotive\">https:\/\/www.pilkington.com\/pl-pl\/pl\/automotive<\/a><\/td>\n<\/tr>\n<tr style=\"height: 24px;\">\n<td style=\"height: 24px; width: 18.4524%;\">EAA\/2015\/3<\/td>\n<td style=\"height: 24px; width: 37.8571%;\">Kirchhoff Polska Sp. z o.o.<\/td>\n<td style=\"height: 24px; width: 42.5%;\"><a href=\"https:\/\/www.kirchhoff-automotive.com\/pl\/\">https:\/\/www.kirchhoff-automotive.com\/pl\/<\/a><\/td>\n<\/tr>\n<tr style=\"height: 24px;\">\n<td style=\"height: 24px; width: 18.4524%;\">EAA\/2015\/4<\/td>\n<td style=\"height: 24px; width: 37.8571%;\">AGH WIMiC<\/td>\n<td style=\"height: 24px; width: 42.5%;\"><a href=\"https:\/\/www.ceramika.agh.edu.pl\/pl\/\">https:\/\/www.ceramika.agh.edu.pl\/pl\/<\/a><\/td>\n<\/tr>\n<tr style=\"height: 24px;\">\n<td style=\"height: 24px; width: 18.4524%;\">EAA\/2015\/5<\/td>\n<td style=\"height: 24px; width: 37.8571%;\">Politechnika Rzeszowska<\/td>\n<td style=\"height: 24px; width: 42.5%;\"><a href=\"https:\/\/w.prz.edu.pl\/\">https:\/\/w.prz.edu.pl\/<\/a><\/td>\n<\/tr>\n<tr style=\"height: 45px;\">\n<td style=\"height: 45px; width: 18.4524%;\">EAA\/2015\/6<\/td>\n<td style=\"height: 45px; width: 37.8571%;\">Federal-Mogul Gorzyce Sp. z o.o. Grupa TENNECO<\/td>\n<td style=\"height: 45px; width: 42.5%;\"><a href=\"https:\/\/www.fmgorzyce.pl\/\">https:\/\/www.fmgorzyce.pl\/<\/a><\/td>\n<\/tr>\n<tr style=\"height: 24px;\">\n<td style=\"height: 24px; width: 18.4524%;\">EAA\/2015\/7<\/td>\n<td style=\"height: 24px; width: 37.8571%;\">TARR S.A.<\/td>\n<td style=\"height: 24px; width: 42.5%;\"><a href=\"http:\/\/tarr.pl\/\">http:\/\/tarr.pl\/<\/a><\/td>\n<\/tr>\n<tr style=\"height: 24px;\">\n<td style=\"height: 24px; width: 18.4524%;\">EAA\/2015\/8<\/td>\n<td style=\"height: 24px; width: 37.8571%;\">SURET Sp. z o.o.<\/td>\n<td style=\"height: 24px; width: 42.5%;\"><a href=\"http:\/\/suret.com.pl\/\">http:\/\/www.suret.pl\/<\/a><\/td>\n<\/tr>\n<tr style=\"height: 24px;\">\n<td style=\"height: 24px; width: 18.4524%;\">EAA\/2016\/9<\/td>\n<td style=\"height: 24px; width: 37.8571%;\">Agencja Rozwoju Przemys\u0142u S.A.<\/td>\n<td style=\"height: 24px; width: 42.5%;\"><a href=\"https:\/\/www.arp.pl\/\">https:\/\/www.arp.pl\/<\/a><\/td>\n<\/tr>\n<tr style=\"height: 24px;\">\n<td style=\"height: 24px; width: 18.4524%;\">EAA\/2016\/10<\/td>\n<td style=\"height: 24px; width: 37.8571%;\">SPIROFLEX Sp. z o.o.<\/td>\n<td style=\"height: 24px; width: 42.5%;\"><a href=\"http:\/\/spiroflex.com.pl\/\">http:\/\/spiroflex.com.pl\/<\/a><\/td>\n<\/tr>\n<tr style=\"height: 24px;\">\n<td style=\"height: 24px; width: 18.4524%;\">EAA\/2016\/12<\/td>\n<td style=\"height: 24px; width: 37.8571%;\">INTESTER Sp. z o.o.<\/td>\n<td style=\"height: 24px; width: 42.5%;\"><a href=\"http:\/\/www.intester.pl\/\">http:\/\/www.intester.pl\/<\/a><\/td>\n<\/tr>\n<tr style=\"height: 24px;\">\n<td style=\"height: 24px; width: 18.4524%;\">EAA\/2016\/15<\/td>\n<td style=\"height: 24px; width: 37.8571%;\">AUTOPART S.A.<\/td>\n<td style=\"height: 24px; width: 42.5%;\"><a href=\"http:\/\/www.autopart.pl\/\">http:\/\/www.autopart.pl\/<\/a><\/td>\n<\/tr>\n<tr style=\"height: 24px;\">\n<td style=\"height: 24px; width: 18.4524%;\">EAA\/2016\/16<\/td>\n<td style=\"height: 24px; width: 37.8571%;\">MELEX\u00a0Sp. z o.o.<\/td>\n<td style=\"height: 24px; width: 42.5%;\"><a href=\"http:\/\/www.melex.com.pl\/\">http:\/\/www.melex.com.pl\/<\/a><\/td>\n<\/tr>\n<tr style=\"height: 24px;\">\n<td style=\"height: 24px; width: 18.4524%;\">EAA\/2016\/18<\/td>\n<td style=\"height: 24px; width: 37.8571%;\">BorgWarner Sp. z o.o.<\/td>\n<td style=\"height: 24px; width: 42.5%;\"><a href=\"https:\/\/www.borgwarner.com\/home\">https:\/\/www.borgwarner.com\/home<\/a><\/td>\n<\/tr>\n<tr style=\"height: 24px;\">\n<td style=\"height: 24px; width: 18.4524%;\">EAA\/2016\/19<\/td>\n<td style=\"height: 24px; width: 37.8571%;\">SONIMA Sp. z o.o.<\/td>\n<td style=\"height: 24px; width: 42.5%;\"><a href=\"https:\/\/sonima.net\/\">https:\/\/sonima.net\/<\/a><\/td>\n<\/tr>\n<tr style=\"height: 24px;\">\n<td style=\"height: 24px; width: 18.4524%;\">EAA\/2016\/20<\/td>\n<td style=\"height: 24px; width: 37.8571%;\">TEKNIA Rzesz\u00f3w Sp. z o.o.<\/td>\n<td style=\"height: 24px; width: 42.5%;\"><a href=\"https:\/\/www.tekniagroup.com\/\">https:\/\/www.tekniagroup.com\/<\/a><\/td>\n<\/tr>\n<tr style=\"height: 24px;\">\n<td style=\"height: 24px; width: 18.4524%;\">EAA\/2016\/21<\/td>\n<td style=\"height: 24px; width: 37.8571%;\">FA KROSNO S.A.<\/td>\n<td style=\"height: 24px; width: 42.5%;\"><a href=\"http:\/\/www.fakrosno.pl\/\">http:\/\/www.fakrosno.pl\/<\/a><\/td>\n<\/tr>\n<tr style=\"height: 24px;\">\n<td style=\"height: 24px; width: 18.4524%;\">EAA\/2017\/24<\/td>\n<td style=\"height: 24px; width: 37.8571%;\">IZOMET STALOWA WOLA Sp. z o.o.<\/td>\n<td style=\"height: 24px; width: 42.5%;\"><a href=\"http:\/\/izomet.com.pl\/pl\/o-nas\">http:\/\/izomet.com.pl\/pl\/o-nas<\/a><\/td>\n<\/tr>\n<tr style=\"height: 24px;\">\n<td style=\"height: 24px; width: 18.4524%;\">EAA\/2017\/27<\/td>\n<td style=\"height: 24px; width: 37.8571%;\">SQD Alliance Sp. z o.o.<\/td>\n<td style=\"height: 24px; width: 42.5%;\"><a href=\"http:\/\/www.sqda.pl\/\">https:\/\/sqda.pl\/<\/a><\/td>\n<\/tr>\n<tr style=\"height: 24px;\">\n<td style=\"height: 24px; width: 18.4524%;\">EAA\/2017\/28<\/td>\n<td style=\"height: 24px; width: 37.8571%;\">KARNATECH Andrzej Karnat<\/td>\n<td style=\"height: 24px; width: 42.5%;\"><a href=\"https:\/\/karnatech.pl\/\">https:\/\/karnatech.pl\/<\/a><\/td>\n<\/tr>\n<tr style=\"height: 24px;\">\n<td style=\"height: 24px; width: 18.4524%;\">EAA\/2017\/29<\/td>\n<td style=\"height: 24px; width: 37.8571%;\">Gumat R\u00f3g, Pawlikowski Sp\u00f3\u0142ka Jawna<\/td>\n<td style=\"height: 24px; width: 42.5%;\"><a href=\"http:\/\/gumat.eu\/\">http:\/\/gumat.eu\/<\/a><\/td>\n<\/tr>\n<tr style=\"height: 24px;\">\n<td style=\"height: 24px; width: 18.4524%;\">EAA\/2018\/30<\/td>\n<td style=\"height: 24px; width: 37.8571%;\">BWI Group<\/td>\n<td style=\"height: 24px; width: 42.5%;\"><a href=\"https:\/\/www.bwigroup.pl\/\">https:\/\/www.bwigroup.pl\/<\/a><\/td>\n<\/tr>\n<tr style=\"height: 24px;\">\n<td style=\"height: 24px; width: 18.4524%;\">EAA\/2019\/31<\/td>\n<td style=\"height: 24px; width: 37.8571%;\">Cadway Automotive<\/td>\n<td style=\"height: 24px; width: 42.5%;\"><a href=\"https:\/\/cadway-automotive.com\/\">https:\/\/cadway-automotive.com\/<\/a><\/td>\n<\/tr>\n<tr style=\"height: 24px;\">\n<td style=\"height: 24px; width: 18.4524%;\">EAA\/2019\/33<\/td>\n<td style=\"height: 24px; width: 37.8571%;\">BALLUFF<\/td>\n<td style=\"height: 24px; width: 42.5%;\"><a href=\"https:\/\/www.balluff.com\/local\/pl\/home\/\">https:\/\/www.balluff.com\/local\/pl\/home\/<\/a><\/td>\n<\/tr>\n<tr style=\"height: 24px;\">\n<td style=\"height: 24px; width: 18.4524%;\">EAA\/2019\/34<\/td>\n<td style=\"height: 24px; width: 37.8571%;\">Parts4Cleaning Sp. z o.o. Sp. k.<\/td>\n<td style=\"height: 24px; width: 42.5%;\"><a href=\"https:\/\/parts4cleaning.eu\/\">https:\/\/parts4cleaning.eu\/<\/a><\/td>\n<\/tr>\n<tr style=\"height: 24px;\">\n<td style=\"height: 24px; width: 18.4524%;\">EAA\/2020\/35<\/td>\n<td style=\"height: 24px; width: 37.8571%;\">Euro24 Sp. z o.o. Sp. k.<\/td>\n<td style=\"height: 24px; width: 42.5%;\"><a href=\"https:\/\/euro24.co\/\">https:\/\/euro24.co\/<\/a><\/td>\n<\/tr>\n<tr style=\"height: 27px;\">\n<td style=\"height: 27px; width: 18.4524%;\">EAA\/2022\/36<\/td>\n<td style=\"height: 27px; width: 37.8571%;\">Greystone Poland Sp. z o.o.<\/td>\n<td style=\"height: 27px; width: 42.5%;\"><a href=\"http:\/\/www.greyst.com\">http:\/\/www.greyst.com<\/a><\/td>\n<\/tr>\n<tr style=\"height: 27px;\">\n<td style=\"width: 18.4524%; height: 27px;\">EAA\/2022\/37<\/td>\n<td style=\"width: 37.8571%; height: 27px;\">EWL S.A.<\/td>\n<td style=\"width: 42.5%; height: 27px;\"><a href=\"https:\/\/ewl.com.pl\/\">https:\/\/ewl.com.pl\/<\/a><\/td>\n<\/tr>\n<tr style=\"height: 27px;\">\n<td style=\"width: 18.4524%; height: 27px;\">EAA\/2023\/38<\/td>\n<td style=\"width: 37.8571%; height: 27px;\">F. U. \u201eQ-Control\u201d Micha\u0142 \u0141\u0119towski<\/td>\n<td style=\"width: 42.5%; height: 27px;\"><a href=\"https:\/\/q-control.pl\/pl\/start\/\">https:\/\/q-control.pl\/pl\/start\/<\/a><\/td>\n<\/tr>\n<tr style=\"height: 23px;\">\n<td style=\"width: 18.4524%; height: 23px;\">EAA\/2024\/39<\/td>\n<td style=\"width: 37.8571%; height: 23px;\">GreenLynx Pawe\u0142 Ry\u015b<\/td>\n<td style=\"width: 42.5%; height: 23px;\"><a href=\"https:\/\/www.greenlynx.pl\/\">https:\/\/www.greenlynx.pl\/<\/a><\/td>\n<\/tr>\n<tr style=\"height: 23px;\">\n<td style=\"width: 18.4524%; height: 23px;\">EAA\/2024\/40<\/td>\n<td style=\"width: 37.8571%; height: 23px;\">ZS im. por. Sarny w Gorzycach<\/td>\n<td style=\"width: 42.5%; height: 23px;\"><a href=\"http:\/\/zsgorzyce.pl\/\">http:\/\/zsgorzyce.pl\/<\/a><\/td>\n<\/tr>\n<tr style=\"height: 23px;\">\n<td style=\"width: 18.4524%; height: 23px;\">EAA\/2024\/41<\/td>\n<td style=\"width: 37.8571%; height: 23px;\">ZST im. T. Ko\u015bciuszki w Le\u017cajsku<\/td>\n<td style=\"width: 42.5%; height: 23px;\"><a href=\"https:\/\/zst.lezajsk.pl\/\">https:\/\/zst.lezajsk.pl\/<\/a><\/td>\n<\/tr>\n<tr style=\"height: 23px;\">\n<td style=\"width: 18.4524%; height: 23px;\">EAA\/2024\/42<\/td>\n<td style=\"width: 37.8571%; height: 23px;\">ZS im. ks. S. Staszica w Tarnobrzegu<\/td>\n<td style=\"width: 42.5%; height: 23px;\"><a href=\"http:\/\/www.gornik.tbg.net.pl\/\">http:\/\/www.gornik.tbg.net.pl\/<\/a><\/td>\n<\/tr>\n<tr style=\"height: 23px;\">\n<td style=\"width: 18.4524%; height: 23px;\">EAA\/2024\/43<\/td>\n<td style=\"width: 37.8571%; height: 23px;\">ZST w Mielcu<\/td>\n<td style=\"width: 42.5%; height: 23px;\"><a href=\"https:\/\/zstmielec.pl\/\">https:\/\/zstmielec.pl\/<\/a><\/td>\n<\/tr>\n<tr style=\"height: 23px;\">\n<td style=\"width: 18.4524%; height: 23px;\">EAA\/2024\/44<\/td>\n<td style=\"width: 37.8571%; height: 23px;\">ZS nr 2 im. E. Kwiatkowskiego w Nowej D\u0119bie<\/td>\n<td style=\"width: 42.5%; height: 23px;\"><a href=\"https:\/\/zs2nd.pl\/\">https:\/\/zs2nd.pl\/<\/a><\/td>\n<\/tr>\n<tr style=\"height: 23px;\">\n<td style=\"width: 18.4524%; height: 23px;\">EAA\/2024\/45<\/td>\n<td style=\"width: 37.8571%; height: 23px;\">Sneci Poland Sp. z o.o.<\/td>\n<td style=\"width: 42.5%; height: 23px;\"><a href=\"http:\/\/www.sneci.com\/\">http:\/\/www.sneci.com\/<\/a><\/td>\n<\/tr>\n<tr>\n<td style=\"width: 18.4524%;\">EAA\/2025\/46<\/td>\n<td style=\"width: 37.8571%;\">BURY Sp. z o.o.<\/td>\n<td style=\"width: 42.5%;\"><a href=\"http:\/\/www.bury.com\/\">http:\/\/www.bury.com\/<\/a><\/td>\n<\/tr>\n<tr>\n<td style=\"width: 18.4524%;\">EAA\/2026\/47<\/td>\n<td style=\"width: 37.8571%;\">STOMET Sp. z o.o.<\/td>\n<td style=\"width: 42.5%;\"><a href=\"https:\/\/stomet.pl\/\">https:\/\/stomet.pl\/<\/a><\/td>\n<\/tr>\n<tr>\n<td style=\"width: 18.4524%;\">EAA\/2026\/48<\/td>\n<td style=\"width: 37.8571%;\">MV Center Systemy Wizyjne Sp. z o.o.<\/td>\n<td style=\"width: 42.5%;\"><a href=\"https:\/\/mv-center.com\/\">https:\/\/mv-center.com\/<\/a><\/td>\n<\/tr>\n<\/tbody>\n<\/table>\n\n\n<p><\/p>\n","protected":false},"excerpt":{"rendered":"<p>Lista cz\u0142onk\u00f3w klastra Wschodni Sojusz Motoryzacyjny Nr w rejestrze klastra Nazwa cz\u0142onka klastra Strona internetowa EAA\/2015\/1 Superior Industries Production Poland Sp. z o.o. https:\/\/www.supind.com\/ EAA\/2015\/2 Pilkington Automotive Poland Sp. z o.o. https:\/\/www.pilkington.com\/pl-pl\/pl\/automotive EAA\/2015\/3 Kirchhoff Polska Sp. z o.o. https:\/\/www.kirchhoff-automotive.com\/pl\/ EAA\/2015\/4 AGH WIMiC https:\/\/www.ceramika.agh.edu.pl\/pl\/ EAA\/2015\/5 Politechnika Rzeszowska https:\/\/w.prz.edu.pl\/ EAA\/2015\/6 Federal-Mogul Gorzyce Sp. z o.o. Grupa TENNECO <a href=\"https:\/\/eaa-wsm.pl\/index.php\/czlonkowie-klastra\/\" rel=\"nofollow\"><span class=\"sr-only\">Read more about CZ\u0141ONKOWIE KLASTRA<\/span>[&hellip;]<\/a><\/p>\n","protected":false},"author":1,"featured_media":0,"parent":0,"menu_order":0,"comment_status":"closed","ping_status":"closed","template":"","meta":{"footnotes":""},"class_list":["post-120","page","type-page","status-publish","hentry"],"_links":{"self":[{"href":"https:\/\/eaa-wsm.pl\/index.php\/wp-json\/wp\/v2\/pages\/120","targetHints":{"allow":["GET"]}}],"collection":[{"href":"https:\/\/eaa-wsm.pl\/index.php\/wp-json\/wp\/v2\/pages"}],"about":[{"href":"https:\/\/eaa-wsm.pl\/index.php\/wp-json\/wp\/v2\/types\/page"}],"author":[{"embeddable":true,"href":"https:\/\/eaa-wsm.pl\/index.php\/wp-json\/wp\/v2\/users\/1"}],"replies":[{"embeddable":true,"href":"https:\/\/eaa-wsm.pl\/index.php\/wp-json\/wp\/v2\/comments?post=120"}],"version-history":[{"count":27,"href":"https:\/\/eaa-wsm.pl\/index.php\/wp-json\/wp\/v2\/pages\/120\/revisions"}],"predecessor-version":[{"id":3179,"href":"https:\/\/eaa-wsm.pl\/index.php\/wp-json\/wp\/v2\/pages\/120\/revisions\/3179"}],"wp:attachment":[{"href":"https:\/\/eaa-wsm.pl\/index.php\/wp-json\/wp\/v2\/media?parent=120"}],"curies":[{"name":"wp","href":"https:\/\/api.w.org\/{rel}","templated":true}]}}