{"id":122,"date":"2018-06-29T13:01:58","date_gmt":"2018-06-29T11:01:58","guid":{"rendered":"http:\/\/eaa.sh176688.website.pl\/?page_id=122"},"modified":"2020-04-14T09:16:07","modified_gmt":"2020-04-14T07:16:07","slug":"ochrona-danych-osobowych","status":"publish","type":"page","link":"https:\/\/eaa-wsm.pl\/index.php\/ochrona-danych-osobowych\/","title":{"rendered":"OCHRONA DANYCH OSOBOWYCH"},"content":{"rendered":"<p><strong>KLAUZULA INFORMACYJNA DOT. PRZETWARZANIA DANYCH OSOBOWYCH W ZAKRESIE KIEROWANEJ DO STOWARZYSZENIA KORESPONDENCJI<\/strong><\/p>\n<p>Na podstawie art. 13 Rozporz\u0105dzenia Parlamentu Europejskiego i Rady (UE) 2016\/679\u00a0\u00a0 z dnia 27 kwietnia 2016 r. w sprawie ochrony os\u00f3b fizycznych w zwi\u0105zku z przetwarzaniem danych osobowych i w sprawie swobodnego przep\u0142ywu takich danych oraz uchylenia dyrektywy 95\/46\/WE (4.5.2016 L 119\/38 Dziennik Urz\u0119dowy Unii Europejskiej PL) informuj\u0119, \u017ce:<\/p>\n<ol>\n<li>Administratorem Pani\/Pana danych osobowych jest Stowarzyszenie Wschodni Sojusz Motoryzacyjny, Al. Warszawska 227B, 39-400 Tarnobrzeg, tel. +48 15 848 18 76, e-mail: <span id=\"cloak8d0b5df65f2c9b15785ec43caa22df74\"><a href=\"mailto:biuro@eaa-wsm.pl\">biuro@eaa-wsm.pl<\/a><\/span><\/li>\n<li>Pani\/Pana dane osobowe b\u0119d\u0105 przetwarzane w celu rozpatrzenia przesy\u0142anej do Stowarzyszenia korespondencji. Podstaw\u0105 prawna przetwarzania danych jest art. 6 ust. 1 lit. f w\/w rozporz\u0105dzenia .<\/li>\n<li>Odbiorcami Pani\/Pana danych osobowych b\u0119d\u0105 wy\u0142\u0105cznie podmioty uprawnione do uzyskania danych osobowych na podstawie przepis\u00f3w prawa oraz podmioty z kt\u00f3rymi administratora zawar\u0142 wa\u017cne umowy powierzenia przetwarzania danych (przyk\u0142adowo: biuro rachunkowe).<\/li>\n<li>Pani\/Pana dane osobowe nie b\u0119d\u0105 przekazywane do pa\u0144stw trzecich ani do organizacji mi\u0119dzynarodowych.<\/li>\n<li>Pani\/Pana dane osobowe b\u0119d\u0105 przechowywane\u00a0\u00a0b\u0119d\u0105 przetwarzane czasowo, tj. na potrzeby korespondencji.<\/li>\n<li>W zwi\u0105zku z przetwarzaniem Pani\/Pana danych osobowych przys\u0142uguj\u0105 Pani\/Panu, z wyj\u0105tkami zastrze\u017conymi przepisami prawa, nast\u0119puj\u0105ce prawa:\n<ul>\n<li>prawo dost\u0119pu do danych osobowych<\/li>\n<li>prawo \u017c\u0105dania ich sprostowania<\/li>\n<li>prawo usuni\u0119cia lub ograniczenia przetwarzania<\/li>\n<li>prawo do wniesienia sprzeciwu wobec przetwarzania<\/li>\n<\/ul>\n<\/li>\n<li>Przys\u0142uguje Pani\/Panu prawo wniesienia skargi do organu nadzorczego tj. Prezesa Urz\u0119du Ochrony Danych na niezgodne z prawem przetwarzanie danych.<\/li>\n<li>Podanie danych osobowych jest dobrowolne, jednak\u017ce ich przetwarzanie jest warunkiem rozpatrzenia korespondencji.<\/li>\n<li>Dane udost\u0119pnione przez Pani\u0105\/Pana nie b\u0119d\u0105 przetwarzane w spos\u00f3b zautomatyzowany i nie b\u0119d\u0105 poddawane profilowaniu.<\/li>\n<\/ol>\n<p><strong>KLAUZULA INFORMACYJNA DLA KONTRAHENT\u00d3W<\/strong><\/p>\n<p>Na podstawie art. 13 Rozporz\u0105dzenia Parlamentu Europejskiego i Rady (UE) 2016\/679\u00a0\u00a0 z dnia 27 kwietnia 2016 r. w sprawie ochrony os\u00f3b fizycznych w zwi\u0105zku z przetwarzaniem danych osobowych i w sprawie swobodnego przep\u0142ywu takich danych oraz uchylenia dyrektywy 95\/46\/WE (4.5.2016 L 119\/38 Dziennik Urz\u0119dowy Unii Europejskiej PL) informuj\u0119, \u017ce:<\/p>\n<ol>\n<li>Administratorem Pani\/Pana danych osobowych jest Stowarzyszenie Wschodni Sojusz Motoryzacyjny, Al. Warszawska 227B, 39-400 Tarnobrzeg, tel. +48 15 848 18 76, e-mail: <span id=\"cloakeb5b3e1d484b4f3f8381dd399790cd7f\"><a href=\"mailto:biuro@eaa-wsm.pl\">biuro@eaa-wsm.pl<\/a><\/span><\/li>\n<li>Pani\/Pana dane osobowe Dane osobowe Pani\/Pana b\u0119d\u0105 przetwarzane na podstawie art. 6 ust. 1 lit. b og\u00f3lnego rozporz\u0105dzenie j\/w o ochronie danych oraz ustawy z dnia 23 kwietnia 1964 r. Kodeks cywilny (t.j. Dz.U. z 2018 r. poz. 1025 ze zm.) w celu realizacji umowy, w tym podj\u0119cia dzia\u0142a\u0144 przed zawarciem umowy.<\/li>\n<li>Odbiorcami Pani\/Pana danych osobowych b\u0119d\u0105 wy\u0142\u0105cznie podmioty uprawnione do uzyskania danych osobowych na podstawie przepis\u00f3w prawa (przyk\u0142adowo: US, ZUS ) oraz podmioty z kt\u00f3rymi administratora zawar\u0142 wa\u017cne umowy powierzenia przetwarzania danych (przyk\u0142adowo: biuro rachunkowe).<\/li>\n<li>Pani\/Pana dane osobowe nie b\u0119d\u0105 przekazywane do pa\u0144stw trzecich ani do organizacji mi\u0119dzynarodowych.<\/li>\n<li>Pani\/Pana dane osobowe b\u0119d\u0105 przechowywane przez okres nie d\u0142u\u017cszy ni\u017c jest to niezb\u0119dne do realizacji cel\u00f3w przetwarzania zgodnie z obowi\u0105zuj\u0105cymi przepisami prawa.<\/li>\n<li>W zwi\u0105zku z przetwarzaniem Pani\/Pana danych osobowych przys\u0142uguj\u0105 Pani\/Panu, z wyj\u0105tkami zastrze\u017conymi przepisami prawa, nast\u0119puj\u0105ce prawa:\n<ul>\n<li>prawo dost\u0119pu do danych osobowych<\/li>\n<li>prawo \u017c\u0105dania ich sprostowania<\/li>\n<li>prawo usuni\u0119cia lub ograniczenia przetwarzania<\/li>\n<li>prawo do wniesienia sprzeciwu wobec przetwarzania<\/li>\n<\/ul>\n<\/li>\n<li>Przys\u0142uguje Pani\/Panu prawo wniesienia skargi do organu nadzorczego tj. Prezesa Urz\u0119du Ochrony Danych na niezgodne z prawem przetwarzanie danych.<\/li>\n<li>Podanie danych osobowych jest dobrowolne, jednak\u017ce odmowa podania danych uniemo\u017cliwi przeprowadzenie dzia\u0142a\u0144 przed podpisaniem umowy, jak r\u00f3wnie\u017c uniemo\u017cliwi jej zawarcie.<\/li>\n<li>Dane udost\u0119pnione przez Pani\u0105\/Pana nie b\u0119d\u0105 przetwarzane w spos\u00f3b zautomatyzowany i nie b\u0119d\u0105 poddawane profilowaniu.<\/li>\n<\/ol>\n<p><strong>KLAUZULA INFORMACYJNA DLA OS\u00d3B FIZYCZNYCH B\u0118D\u0104CYCH CZ\u0141ONKAMI STOWARZYSZENIA WSCHODNI SOJUSZ MOTORYZACYJNY<\/strong><\/p>\n<p>Szanowni Cz\u0142onkowie,<\/p>\n<p>wype\u0142niaj\u0105c obowi\u0105zek\u00a0 wynikaj\u0105cy z art. 13 Rozporz\u0105dzenia Parlamentu Europejskiego i Rady (UE) 2016\/679\u00a0 z dnia 27 kwietnia 2016 r. w sprawie ochrony os\u00f3b fizycznych w zwi\u0105zku z przetwarzaniem danych osobowych i w sprawie swobodnego przep\u0142ywu takich danych oraz uchylenia dyrektywy 95\/46\/WE\u00a0 (4.5.2016 L 119\/38 Dziennik Urz\u0119dowy Unii Europejskiej PL) uprzejmie informujemy, \u017ce:<\/p>\n<ol>\n<li>Administratorem Pani\/Pana danych osobowych jest Stowarzyszenie Wschodni Sojusz Motoryzacyjny, Al. Warszawska 227B, 39-400 Tarnobrzeg, tel. +48 15 848 18 76, e-mail: <span id=\"cloak20e348dfbf410ecf337aa725d42c01d9\"><a href=\"mailto:biuro@eaa-wsm.pl\">biuro@eaa-wsm.pl<\/a><\/span><\/li>\n<li>Pani\/Pana dane osobowe b\u0119d\u0105 przetwarzane na podstawie art. 6 ust. 1 lit. f og\u00f3lnego rozporz\u0105dzenia j\/w o ochronie danych w celu realizacji zada\u0144 statutowych Stowarzyszenia oraz realizacji praw i obowi\u0105zk\u00f3w wynikaj\u0105cych ze statusu cz\u0142onka Stowarzyszenia.<\/li>\n<li>Odbiorcami Pani\/Pana danych osobowych mog\u0105 by\u0107\u00a0 wy\u0142\u0105cznie podmioty uprawnione do uzyskania danych osobowych na podstawie przepis\u00f3w prawa (przyk\u0142adowo: Policja, US, ZUS ) oraz podmioty z kt\u00f3rymi administratora zawar\u0142 wa\u017cne umowy powierzenia przetwarzania danych (przyk\u0142adowo: biuro rachunkowe).<\/li>\n<li>Pani\/Pana dane osobowe nie b\u0119d\u0105 przekazywane do pa\u0144stw trzecich ani do organizacji mi\u0119dzynarodowych.<\/li>\n<li>Dane osobowe Pani\/Pana b\u0119d\u0105 przechowywane przez okres niezb\u0119dny do realizacji celu przetwarzania oraz zgodnie z obowi\u0105zuj\u0105cymi w tym zakresie przepisami prawa.<\/li>\n<li>W zwi\u0105zku z przetwarzaniem Pani\/Pana danych osobowych przys\u0142uguj\u0105 Pani\/Panu, z wyj\u0105tkami zastrze\u017conymi przepisami prawa, nast\u0119puj\u0105ce prawa:\n<ul>\n<li>prawo dost\u0119pu do danych osobowych<\/li>\n<li>prawo \u017c\u0105dania ich sprostowania<\/li>\n<li>prawo usuni\u0119cia lub ograniczenia przetwarzania<\/li>\n<li>prawo do wniesienia sprzeciwu wobec przetwarzania<\/li>\n<\/ul>\n<\/li>\n<li>Przys\u0142uguje Pani\/Panu prawo wniesienia skargi do organu nadzorczego tj. Prezesa Urz\u0119du Ochrony Danych na niezgodne z prawem przetwarzanie danych.<\/li>\n<li>Podanie danych osobowych jest wymogiem ustawowym.<\/li>\n<li>Dane udost\u0119pnione przez Pani\u0105\/Pana nie b\u0119d\u0105 przetwarzane w spos\u00f3b zautomatyzowany i nie b\u0119d\u0105 poddawane profilowaniu.<\/li>\n<\/ol>\n","protected":false},"excerpt":{"rendered":"<p>KLAUZULA INFORMACYJNA DOT. PRZETWARZANIA DANYCH OSOBOWYCH W ZAKRESIE KIEROWANEJ DO STOWARZYSZENIA KORESPONDENCJI Na podstawie art. 13 Rozporz\u0105dzenia Parlamentu Europejskiego i Rady (UE) 2016\/679\u00a0\u00a0 z dnia 27 kwietnia 2016 r. w sprawie ochrony os\u00f3b fizycznych w zwi\u0105zku z przetwarzaniem danych osobowych i w sprawie swobodnego przep\u0142ywu takich danych oraz uchylenia dyrektywy 95\/46\/WE (4.5.2016 L 119\/38 Dziennik <a href=\"https:\/\/eaa-wsm.pl\/index.php\/ochrona-danych-osobowych\/\" rel=\"nofollow\"><span class=\"sr-only\">Read more about OCHRONA DANYCH OSOBOWYCH<\/span>[&hellip;]<\/a><\/p>\n","protected":false},"author":1,"featured_media":0,"parent":0,"menu_order":0,"comment_status":"closed","ping_status":"closed","template":"","meta":{"footnotes":""},"class_list":["post-122","page","type-page","status-publish","hentry"],"_links":{"self":[{"href":"https:\/\/eaa-wsm.pl\/index.php\/wp-json\/wp\/v2\/pages\/122","targetHints":{"allow":["GET"]}}],"collection":[{"href":"https:\/\/eaa-wsm.pl\/index.php\/wp-json\/wp\/v2\/pages"}],"about":[{"href":"https:\/\/eaa-wsm.pl\/index.php\/wp-json\/wp\/v2\/types\/page"}],"author":[{"embeddable":true,"href":"https:\/\/eaa-wsm.pl\/index.php\/wp-json\/wp\/v2\/users\/1"}],"replies":[{"embeddable":true,"href":"https:\/\/eaa-wsm.pl\/index.php\/wp-json\/wp\/v2\/comments?post=122"}],"version-history":[{"count":5,"href":"https:\/\/eaa-wsm.pl\/index.php\/wp-json\/wp\/v2\/pages\/122\/revisions"}],"predecessor-version":[{"id":683,"href":"https:\/\/eaa-wsm.pl\/index.php\/wp-json\/wp\/v2\/pages\/122\/revisions\/683"}],"wp:attachment":[{"href":"https:\/\/eaa-wsm.pl\/index.php\/wp-json\/wp\/v2\/media?parent=122"}],"curies":[{"name":"wp","href":"https:\/\/api.w.org\/{rel}","templated":true}]}}