{"id":141,"date":"2018-06-29T13:53:51","date_gmt":"2018-06-29T11:53:51","guid":{"rendered":"http:\/\/eaa.sh176688.website.pl\/?page_id=141"},"modified":"2020-03-03T10:15:16","modified_gmt":"2020-03-03T09:15:16","slug":"o-klastrze","status":"publish","type":"page","link":"https:\/\/eaa-wsm.pl\/index.php\/o-klastrze\/","title":{"rendered":"O KLASTRZE"},"content":{"rendered":"<p style=\"text-align: justify;\">Idea utworzenia klastra motoryzacyjnego narodzi\u0142a si\u0119 w zwi\u0105zku z lokalizacj\u0105 \u00a0du\u017cych inwestycji bran\u017cy Automotive w p\u00f3\u0142nocno-zachodniej cz\u0119\u015bci regionu Podkarpacia. Do znakomicie funkcjonuj\u0105cych na tym terenie korporacji takich jak Federal Mogul, Kirchhoff, Uniwheels czy LEAR do\u0142\u0105czy\u0142 w 2011 roku Pilkington Automotive Poland nale\u017c\u0105cy do japo\u0144skiego koncernu NSG Group realizuj\u0105c w okolicach Tarnobrzega projekt, kt\u00f3ry w rankingach Polskiej Agencji Informacji i Inwestycji Zagranicznych S.A. uznawany jest za najwi\u0119ksz\u0105 inwestycj\u0119 przemys\u0142ow\u0105 w Polsce w roku 2011. Budowa tego ultranowoczesnego zak\u0142adu wydatnie przyczyni\u0142a si\u0119 do powi\u0119kszenia skupiska mi\u0119dzynarodowych firm motoryzacyjnych oraz powi\u0105zanych z nimi przedsi\u0119biorstw kooperuj\u0105cych. Liczba, wielko\u015b\u0107 i stopie\u0144 koncentracji tych przedsi\u0119biorstw na stosunkowo niewielkim obszarze sprawiaj\u0105, \u017ce ten proces mo\u017cna uzna\u0107 za modelowy przyk\u0142ad samoistnie rozwijaj\u0105cej si\u0119 struktury klastrowej. Poczynaj\u0105c od D\u0119bicy, poprzez specjalne strefy ekonomiczne w Mielcu i Tarnobrzegu, Gorzycach, a\u017c po Stalow\u0105 Wol\u0119 na terenie Podregionu Tarnobrzeskiego zlokalizowa\u0142o si\u0119 6 korporacji motoryzacyjnych o \u0142\u0105cznych obrotach przekraczaj\u0105cych 6 miliard\u00f3w z\u0142otych i zatrudniaj\u0105cych ponad 13000 pracownik\u00f3w. Mened\u017cerowie tych korporacji tworz\u0105 presti\u017cowe \u015brodowisko biznesowe regionu i prowadz\u0105 aktywne dzia\u0142ania zwi\u0105zane z rozbudow\u0105 swoich fabryk. Inicjatywa integracji tego \u015brodowiska zaproponowana przez prezesa Pilkington Automotive Poland z grupy NSG spotka\u0142a si\u0119 z dobrym przyj\u0119ciem lider\u00f3w pozosta\u0142ych korporacji i w lipcu 2014 roku do podpisania porozumienia wyra\u017caj\u0105cego wol\u0119 wsp\u00f3\u0142pracy.<\/p>\n<p style=\"text-align: justify;\">Sygnatariuszami Listu Intencyjnego byli przedstawiciele:<\/p>\n<ul style=\"text-align: justify;\">\n<li>Pilkington Automotive Poland nale\u017c\u0105cy do japo\u0144skiego koncernu NSG Group \u2013 produkuj\u0105cego szyby samochodowe najwi\u0119kszych marek \u015bwiatowych<\/li>\n<li>Kirchhoff \u00a0Polska Sp. z o.o Mielec \u2013 imponuj\u0105cy pod wzgl\u0119dem nowoczesnych technologii produkcyjnych wytw\u00f3rca metalowych komponent\u00f3w dla przemys\u0142u motoryzacyjnego,<\/li>\n<li>UNIWHEELS Production Poland Sp. z o.o \u2013 producent szerokiego spektrum felg aluminiowych,<\/li>\n<li>Federal-Mogul producent t\u0142ok\u00f3w (aktualnie 5% rynku produkcji \u015bwiatowej)<\/li>\n<li>Lear Corporation Poland, kt\u00f3rego mielecki oddzia\u0142 produkuje wi\u0105zki przewod\u00f3w elektrycznych dla motoryzacji.<\/li>\n<li>T.C. D\u0119bica S.A. (The Goodyear Tyre &amp; Rubber Company) jest najwi\u0119kszym producentem opon do samochod\u00f3w osobowych i dostawczych.<\/li>\n<\/ul>\n<p style=\"text-align: justify;\"><img decoding=\"async\" src=\"http:\/\/localhost\/eaa\/images\/artykuly\/seaa-image-01.jpg\" alt=\"http:\/\/localhost\/eaa\/images\/artykuly\/seaa-image-01.jpg\" \/><\/p>\n<p style=\"text-align: justify;\">W\u015br\u00f3d potencjalnych obszar\u00f3w wsp\u00f3\u0142pracy w ramach klastra wymieni\u0107 mo\u017cna m.in. wsp\u00f3\u0142prac\u0119 w zakresie wsp\u00f3lnej gospodarki odpadami, bada\u0144, efektywnego wykorzystywania zasob\u00f3w ludzkich, szkole\u0144 i innych obszar\u00f3w.<br \/>\nDo grona inicjator\u00f3w-sygnatariuszy Listu Intencyjnego do\u0142\u0105czyli naukowcy z Akademii G\u00f3rniczo-Hutniczej oraz Politechniki Rzeszowskiej zainteresowani podj\u0119ciem du\u017cych innowacyjnych projekt\u00f3w technologicznych miedzy innymi w ramach europejskiego programu HORYZONT 2020.<\/p>\n<p style=\"text-align: justify;\">W dniu 11 lutego 2015 roku w Stalowej Woli &#8211; sercu najs\u0142ynniejszej polskiej inicjatywy klastrowej jak\u0105 by\u0142 Centralny Okr\u0119g Przemys\u0142owy &#8211; odby\u0142o si\u0119 spotkanie za\u0142o\u017cycielskie Stowarzyszenia, kt\u00f3re przyj\u0119\u0142o nazw\u0119 Wschodni Sojusz Motoryzacyjny <strong>(East Automotive Alliance)<\/strong>. \u00a0Cz\u0142onkami za\u0142o\u017cycielami s\u0105 mened\u017cerowie: Pilkington Automotive Poland z grupy NSG, Kirchhoff Polska, Federal Mogul, Uniwheels Polska. naukowcy z Akademii G\u00f3rniczo-Hutniczej i Politechniki Rzeszowskiej oraz przedstawiciele instytucji otoczenia biznesu reprezentowani przez Tarnobrzesk\u0105 Agencj\u0119 Rozwoju Regionalnego S.A. Zarz\u0105d stowarzyszenia tworz\u0105 mened\u017cerowie korporacji motoryzacyjnych natomiast organ kontroli wewn\u0119trznej przedstawiciele uczelni technicznych oraz instytucji otoczenia biznesu.<\/p>\n<p style=\"text-align: justify;\">Klaster East Automotive Alliance postawi\u0142 sobie nast\u0119puj\u0105ce cele:<\/p>\n<ol style=\"text-align: justify;\">\n<li><strong>Ochrona interes\u00f3w<\/strong> przedsi\u0119biorstw bran\u017cy motoryzacyjnej oraz zwi\u0105zanych z ni\u0105 przedsi\u0119biorc\u00f3w i kooperant\u00f3w.<\/li>\n<li><strong>Tworzenie warunk\u00f3w sprzyjaj\u0105cych rozwojowi bran\u017cy<\/strong> motoryzacyjnej na terenie Rzeczypospolitej Polskiej ze szczeg\u00f3lnym uwzgl\u0119dnieniem Makroregionu Polski Wschodniej.<\/li>\n<li><strong>Propagowanie wiedzy<\/strong> z dziedziny przemys\u0142u motoryzacyjnego, rozw\u00f3j zainteresowa\u0144 technicznych oraz zaanga\u017cowanie w procesie kszta\u0142towania polityki edukacyjnej ukierunkowanej na kadry gospodarki.<\/li>\n<\/ol>\n<p style=\"text-align: justify;\">Zgodnie ze statutem cele te b\u0119d\u0105 osi\u0105gane m.in. poprzez :<\/p>\n<ol style=\"text-align: justify;\">\n<li><strong>Reprezentowanie interes\u00f3w<\/strong> oraz stanowisk cz\u0142onk\u00f3w Stowarzyszenia przed w\u0142adzami, instytucjami oraz innymi organizacjami oraz wsp\u00f3\u0142praca z nimi.<\/li>\n<li><strong>Kreowanie i wspieranie innowacji<\/strong> i dzia\u0142alno\u015bci badawczo\u2013rozwojowej w zakresie przemys\u0142u motoryzacyjnego<\/li>\n<li><strong>Promocj\u0119 bran\u017cy motoryzacyjnej oraz sprzyjanie lokalizacji w regionie przedsi\u0119biorstw kooperuj\u0105cych<\/strong> z zachowaniem troski o interesy i dobre imi\u0119 cz\u0142onk\u00f3w Stowarzyszenia.<\/li>\n<li><strong>Wspieranie dzia\u0142alno\u015bci przemys\u0142owej i aktywno\u015bci ekonomicznej<\/strong> swoich cz\u0142onk\u00f3w z uwzgl\u0119dnieniem ich charakteru i specjalizacji oraz wymian\u0119 do\u015bwiadcze\u0144 przy zachowaniu zasady swobody kontraktowej oraz z uwzgl\u0119dnieniem ochrony informacji niejawnych cz\u0142onk\u00f3w Stowarzyszenia.<\/li>\n<li><strong>Wsp\u00f3\u0142prac\u0119 z organizacjami i plac\u00f3wkami naukowo-badawczymi, w\u0142adzami oraz instytucjami<\/strong>.<\/li>\n<\/ol>\n<p style=\"text-align: justify;\">Stowarzyszenie East Automotive Alliance z za\u0142o\u017cenia nastawione na integrowanie i wsp\u00f3\u0142prac\u0119 mened\u017cer\u00f3w, naukowc\u00f3w i przedsi\u0119biorc\u00f3w \u00a0ju\u017c na pocz\u0105tku dysponuje imponuj\u0105cym potencja\u0142em. Wyra\u017ca go suma potencja\u0142\u00f3w korporacji motoryzacyjnych zlokalizowanych na Podkarpaciu oraz potencja\u0142 B+R reprezentowany przez wa\u017cne uczelnie techniczne, kt\u00f3re aktualnie prowadz\u0105 na kilkunastu wydzia\u0142ach prace badawcze powi\u0105zane z przemys\u0142em motoryzacyjnym.<\/p>\n","protected":false},"excerpt":{"rendered":"<p>Idea utworzenia klastra motoryzacyjnego narodzi\u0142a si\u0119 w zwi\u0105zku z lokalizacj\u0105 \u00a0du\u017cych inwestycji bran\u017cy Automotive w p\u00f3\u0142nocno-zachodniej cz\u0119\u015bci regionu Podkarpacia. Do znakomicie funkcjonuj\u0105cych na tym terenie korporacji takich jak Federal Mogul, Kirchhoff, Uniwheels czy LEAR do\u0142\u0105czy\u0142 w 2011 roku Pilkington Automotive Poland nale\u017c\u0105cy do japo\u0144skiego koncernu NSG Group realizuj\u0105c w okolicach Tarnobrzega projekt, kt\u00f3ry w rankingach <a href=\"https:\/\/eaa-wsm.pl\/index.php\/o-klastrze\/\" rel=\"nofollow\"><span class=\"sr-only\">Read more about O KLASTRZE<\/span>[&hellip;]<\/a><\/p>\n","protected":false},"author":1,"featured_media":0,"parent":0,"menu_order":0,"comment_status":"closed","ping_status":"closed","template":"","meta":{"footnotes":""},"class_list":["post-141","page","type-page","status-publish","hentry"],"_links":{"self":[{"href":"https:\/\/eaa-wsm.pl\/index.php\/wp-json\/wp\/v2\/pages\/141","targetHints":{"allow":["GET"]}}],"collection":[{"href":"https:\/\/eaa-wsm.pl\/index.php\/wp-json\/wp\/v2\/pages"}],"about":[{"href":"https:\/\/eaa-wsm.pl\/index.php\/wp-json\/wp\/v2\/types\/page"}],"author":[{"embeddable":true,"href":"https:\/\/eaa-wsm.pl\/index.php\/wp-json\/wp\/v2\/users\/1"}],"replies":[{"embeddable":true,"href":"https:\/\/eaa-wsm.pl\/index.php\/wp-json\/wp\/v2\/comments?post=141"}],"version-history":[{"count":5,"href":"https:\/\/eaa-wsm.pl\/index.php\/wp-json\/wp\/v2\/pages\/141\/revisions"}],"predecessor-version":[{"id":616,"href":"https:\/\/eaa-wsm.pl\/index.php\/wp-json\/wp\/v2\/pages\/141\/revisions\/616"}],"wp:attachment":[{"href":"https:\/\/eaa-wsm.pl\/index.php\/wp-json\/wp\/v2\/media?parent=141"}],"curies":[{"name":"wp","href":"https:\/\/api.w.org\/{rel}","templated":true}]}}