{"id":1845,"date":"2024-07-02T07:04:34","date_gmt":"2024-07-02T05:04:34","guid":{"rendered":"https:\/\/eaa-wsm.pl\/?page_id=1845"},"modified":"2024-07-04T13:47:24","modified_gmt":"2024-07-04T11:47:24","slug":"drives","status":"publish","type":"page","link":"https:\/\/eaa-wsm.pl\/index.php\/projekty\/drives\/","title":{"rendered":"DRIVES"},"content":{"rendered":"\n<p>The Development and Research on Innovative Vocational Education Skills <\/p>\n\n\n\n<figure class=\"wp-block-image size-full\"><img decoding=\"async\" width=\"261\" height=\"92\" src=\"https:\/\/eaa-wsm.pl\/wp-content\/uploads\/2024\/07\/obraz-1.png\" alt=\"\" class=\"wp-image-1870\"\/><\/figure>\n\n\n\n<p>DRIVES opracowuje rozwi\u0105zania w zakresie kapita\u0142u ludzkiego dla wszystkich poziom\u00f3w samochodowego \u0142a\u0144cucha warto\u015bci.<\/p>\n\n\n\n<p>Projekt zapewni rozwi\u0105zania w zakresie kapita\u0142u ludzkiego w ca\u0142ym \u0142a\u0144cuchu dostaw motoryzacyjnych poprzez utworzenie Sojuszu na rzecz Umiej\u0119tno\u015bci Sektora Motoryzacyjnego, obejmuj\u0105cego wszystkie poziomy \u0142a\u0144cucha warto\u015bci (produkcja pojazd\u00f3w, dostawcy samochod\u00f3w i sprzeda\u017c samochod\u00f3w oraz us\u0142ugi posprzeda\u017cowe). Za po\u015brednictwem sieci partner\u00f3w wyniki projektu DRIVES zostan\u0105 rozpowszechnione w ca\u0142ej Unii Europejskiej, w\u015br\u00f3d ponad 300 stowarzysze\u0144 skupiaj\u0105cych ponad 270 450 firm r\u00f3\u017cnej wielko\u015bci, reprezentuj\u0105cych ponad 7 milion\u00f3w pracownik\u00f3w.<\/p>\n\n\n\n<figure class=\"wp-block-image size-large\"><img decoding=\"async\" width=\"1024\" height=\"8\" src=\"https:\/\/eaa-wsm.pl\/wp-content\/uploads\/2024\/07\/obraz-3-1024x8.png\" alt=\"\" class=\"wp-image-1875\" srcset=\"https:\/\/eaa-wsm.pl\/wp-content\/uploads\/2024\/07\/obraz-3-1024x8.png 1024w, https:\/\/eaa-wsm.pl\/wp-content\/uploads\/2024\/07\/obraz-3-300x2.png 300w, https:\/\/eaa-wsm.pl\/wp-content\/uploads\/2024\/07\/obraz-3-768x6.png 768w, https:\/\/eaa-wsm.pl\/wp-content\/uploads\/2024\/07\/obraz-3-600x5.png 600w, https:\/\/eaa-wsm.pl\/wp-content\/uploads\/2024\/07\/obraz-3.png 1326w\" sizes=\"(max-width: 1024px) 100vw, 1024px\" \/><\/figure>\n\n\n\n<p><\/p>\n\n\n\n<h3 class=\"wp-block-heading\"><span style=\"color: #05a0d1;\">T\u0142o<\/span><\/h3>\n\n\n\n<p><\/p>\n\n\n\n<p>Post\u0119p technologiczny i globalizacja rewolucjonizuj\u0105 spos\u00f3b, w jaki \u017cyjemy, uczymy si\u0119, pracujemy i prowadzimy dzia\u0142alno\u015b\u0107 gospodarcz\u0105.<\/p>\n\n\n\n<p>Technologie cyfrowe i inne kluczowe technologie zmieniaj\u0105 podstawy przemys\u0142u i szerszej gospodarki \u015bwiatowej. Daje to ogromne mo\u017cliwo\u015bci w zakresie innowacji, wzrostu gospodarczego i zatrudnienia, ale wymaga r\u00f3wnie\u017c wykwalifikowanych i zdolnych do adaptacji os\u00f3b, kt\u00f3re s\u0105 w stanie nap\u0119dza\u0107 zmiany i je wspiera\u0107. Aby zapewni\u0107 rozwi\u0105zania w zakresie umiej\u0119tno\u015bci specyficznych dla danego sektora, w ramach Nowego europejskiego programu na rzecz umiej\u0119tno\u015bci uruchomiono plan wsp\u00f3\u0142pracy sektorowej w zakresie umiej\u0119tno\u015bci.<\/p>\n\n\n\n<p>Blueprint to nowe ramy strategicznej wsp\u00f3\u0142pracy pomi\u0119dzy kluczowymi interesariuszami (np. przedsi\u0119biorstwami, zwi\u0105zkami zawodowymi, instytucjami badawczymi, edukacyjnymi i szkoleniowymi, w\u0142adzami publicznymi) w danym sektorze gospodarki. B\u0119dzie stymulowa\u0107 inwestycje i zach\u0119ca\u0107 do strategicznego wykorzystania mo\u017cliwo\u015bci finansowania unijnego i krajowego. Celem jest opracowanie konkretnych dzia\u0142a\u0144 w celu zaspokojenia kr\u00f3tko- i \u015brednioterminowego zapotrzebowania na umiej\u0119tno\u015bci w celu wsparcia ca\u0142ego sektora.<\/p>\n\n\n\n<figure class=\"wp-block-image size-large\"><img decoding=\"async\" width=\"1024\" height=\"8\" src=\"https:\/\/eaa-wsm.pl\/wp-content\/uploads\/2024\/07\/obraz-4-1024x8.png\" alt=\"\" class=\"wp-image-1876\" srcset=\"https:\/\/eaa-wsm.pl\/wp-content\/uploads\/2024\/07\/obraz-4-1024x8.png 1024w, https:\/\/eaa-wsm.pl\/wp-content\/uploads\/2024\/07\/obraz-4-300x2.png 300w, https:\/\/eaa-wsm.pl\/wp-content\/uploads\/2024\/07\/obraz-4-768x6.png 768w, https:\/\/eaa-wsm.pl\/wp-content\/uploads\/2024\/07\/obraz-4-600x5.png 600w, https:\/\/eaa-wsm.pl\/wp-content\/uploads\/2024\/07\/obraz-4.png 1326w\" sizes=\"(max-width: 1024px) 100vw, 1024px\" \/><\/figure>\n\n\n\n<p><\/p>\n\n\n\n<h3 class=\"wp-block-heading\"><span style=\"color: #05a0d1;\">Cele<\/span><\/h3>\n\n\n\n<p><\/p>\n\n\n\n<p><strong><span style=\"color: #05a0d1;\">Ocena i w\u0142\u0105czenie istniej\u0105cych i sprawdzonych ram umiej\u0119tno\u015bci w krajach europejskich, modernizacja ich w celu sprostania przysz\u0142ym trendom motoryzacyjnym (z wykorzystaniem firm zajmuj\u0105cych si\u0119 analizami eksperckimi) oraz wdro\u017cenie w innych krajach.<\/span><\/strong><\/p>\n\n\n\n<p><strong><span style=\"color: #6ab883;\">Umo\u017cliwienie wzajemnego uznawania nagr\u00f3d i certyfikat\u00f3w pomi\u0119dzy formaln\u0105 i nieformaln\u0105 edukacj\u0105 samochodow\u0105, kszta\u0142ceniem i szkoleniem zawodowym a uniwersytetami oraz w ca\u0142ej Europie w celu zwi\u0119kszenia wykorzystania i powodzenia program\u00f3w mobilno\u015bci finansowanych przez rz\u0105d, takich jak Erasmus+.<\/span><\/strong><\/p>\n\n\n\n<p><strong><span style=\"color: #05a0d1;\">Wdro\u017cenie wsp\u00f3lnego europejskiego parasola umiej\u0119tno\u015bci motoryzacyjnych i integracja istniej\u0105cych ram umiej\u0119tno\u015bci (sektorowa rada ds. umiej\u0119tno\u015bci, ECQA, AQUA, SkillMan, paszport umiej\u0119tno\u015bci itp.), w tym szkolenia pilota\u017cowe.<\/span><\/strong><\/p>\n\n\n\n<p><strong><span style=\"color: #6ab883;\">Wdro\u017cenie Rynku Praktyk zawodowych poprzez zwi\u0119kszenie jego efektywno\u015bci dla os\u00f3b poszukuj\u0105cych pracy w bran\u017cy motoryzacyjnej. Stworzenie infrastruktury informatycznej u\u0142atwiaj\u0105cej rozpowszechnianie wsp\u00f3lnych wymaga\u0144 zawodowych, kt\u00f3ra b\u0119dzie dost\u0119pna dla os\u00f3b poszukuj\u0105cych pracy, organizator\u00f3w szkole\u0144 (tj. uniwersytet\u00f3w), organizator\u00f3w kszta\u0142cenia i szkolenia zawodowego oraz innych zainteresowanych stron. Promocja portalu jako miejsca rynku pracy na poziomie lokalnym, krajowym i europejskim.<\/span><\/strong><\/p>\n\n\n\n<figure class=\"wp-block-image size-large\"><img decoding=\"async\" width=\"1024\" height=\"8\" src=\"https:\/\/eaa-wsm.pl\/wp-content\/uploads\/2024\/07\/obraz-4-1024x8.png\" alt=\"\" class=\"wp-image-1876\" srcset=\"https:\/\/eaa-wsm.pl\/wp-content\/uploads\/2024\/07\/obraz-4-1024x8.png 1024w, https:\/\/eaa-wsm.pl\/wp-content\/uploads\/2024\/07\/obraz-4-300x2.png 300w, https:\/\/eaa-wsm.pl\/wp-content\/uploads\/2024\/07\/obraz-4-768x6.png 768w, https:\/\/eaa-wsm.pl\/wp-content\/uploads\/2024\/07\/obraz-4-600x5.png 600w, https:\/\/eaa-wsm.pl\/wp-content\/uploads\/2024\/07\/obraz-4.png 1326w\" sizes=\"(max-width: 1024px) 100vw, 1024px\" \/><\/figure>\n\n\n\n<p><\/p>\n\n\n\n<h3><span style=\"color: #05a0d1;\">Partnerzy<\/span><\/h3>\n\n\n\n<p><\/p>\n\n\n\n<p><strong>Koordynator Projektu<\/strong>:<br>V\u0160B &#8211; Technical University of Ostrava (V\u0160B-TUO), Czech Republic<\/p>\n\n\n\n<p><strong>W projekcie udzia\u0142 bierze 24 partner\u00f3w z 11 kraj\u00f3w europejskich:<\/strong><\/p>\n\n\n\n<p>Austria (ISCN, TU Graz, FH Joanneum), <br>Belgia (ETRMA, ACEA, CLEPA, Efvet), <br>Czechy (VSB-TU), <br>W\u0119gry (Uniwersytet Technologiczno-Ekonomiczny w Budapeszcie), <br>W\u0142ochy (SPIN 360, Confindustria), <br>Holandia (U Twente, Symbol Business Improvement), <br><strong>Polska (East Automotive Alliance)<\/strong>, <br>Rumunia (APIA), <br>Hiszpania (SERNAUTO, Mondragon University, AIC, GESTAMP), <br>Portugalia (IPV, IDESCOM, Universidade do Minho, Eupportunity),<br>Wielka Brytania (SEMTA).<\/p>\n\n\n\n<figure class=\"wp-block-image size-large\"><img decoding=\"async\" width=\"1024\" height=\"8\" src=\"https:\/\/eaa-wsm.pl\/wp-content\/uploads\/2024\/07\/obraz-4-1024x8.png\" alt=\"\" class=\"wp-image-1876\" srcset=\"https:\/\/eaa-wsm.pl\/wp-content\/uploads\/2024\/07\/obraz-4-1024x8.png 1024w, https:\/\/eaa-wsm.pl\/wp-content\/uploads\/2024\/07\/obraz-4-300x2.png 300w, https:\/\/eaa-wsm.pl\/wp-content\/uploads\/2024\/07\/obraz-4-768x6.png 768w, https:\/\/eaa-wsm.pl\/wp-content\/uploads\/2024\/07\/obraz-4-600x5.png 600w, https:\/\/eaa-wsm.pl\/wp-content\/uploads\/2024\/07\/obraz-4.png 1326w\" sizes=\"(max-width: 1024px) 100vw, 1024px\" \/><\/figure>\n\n\n\n<p><\/p>\n\n\n\n<h3 class=\"wp-block-heading\"><span style=\"color: #05a0d1;\">Szczeg\u00f3\u0142y projektu<\/span><\/h3>\n\n\n\n<p><\/p>\n\n\n\n<p>Rozpocz\u0119cie: Stycze\u0144 2018<\/p>\n\n\n\n<p>Zako\u0144czenie: Grudzie\u0144 2021 <\/p>\n\n\n\n<p id=\"tw-target-text\">Finansowane w ramach programu Erasmus+ Sojusze na rzecz umiej\u0119tno\u015bci sektorowych z bud\u017cetem <br>3 987 590 euro<\/p>\n\n\n\n<p><\/p>\n\n\n\n<figure class=\"wp-block-image size-large\"><img decoding=\"async\" width=\"1024\" height=\"8\" src=\"https:\/\/eaa-wsm.pl\/wp-content\/uploads\/2024\/07\/obraz-4-1024x8.png\" alt=\"\" class=\"wp-image-1876\" srcset=\"https:\/\/eaa-wsm.pl\/wp-content\/uploads\/2024\/07\/obraz-4-1024x8.png 1024w, https:\/\/eaa-wsm.pl\/wp-content\/uploads\/2024\/07\/obraz-4-300x2.png 300w, https:\/\/eaa-wsm.pl\/wp-content\/uploads\/2024\/07\/obraz-4-768x6.png 768w, https:\/\/eaa-wsm.pl\/wp-content\/uploads\/2024\/07\/obraz-4-600x5.png 600w, https:\/\/eaa-wsm.pl\/wp-content\/uploads\/2024\/07\/obraz-4.png 1326w\" sizes=\"(max-width: 1024px) 100vw, 1024px\" \/><\/figure>\n\n\n\n<p><\/p>\n\n\n\n<h3><span style=\"color: #05a0d1;\">Rezultaty projektu<\/span><\/h3>\n<p>\u00a0<\/p>\n\n\n\n<p>Rezultaty projektu dost\u0119pne s\u0105 na stronie <a href=\"https:\/\/www.project-drives.eu\/en\/aboutus#\">https:\/\/www.project-drives.eu\/en\/aboutus#<\/a><\/p>\n\n\n\n<p>Wschodni Sojusz Motoryzacyjny jest autorem kurs\u00f3w MOOC w tematyce Predyktywnego Utrzymania Ruchu na trzech poziomach: technician, engineer oraz expert.<\/p>\n\n\n\n<p>Wszystkie kursy wypracowane w projekcie s\u0105 dost\u0119pne na platformie  <a href=\"https:\/\/learn.skills-framework.eu\/\">https:\/\/learn.skills-framework.eu\/<\/a><\/p>\n\n\n\n<figure class=\"wp-block-image size-full\"><img loading=\"lazy\" decoding=\"async\" width=\"219\" height=\"69\" src=\"https:\/\/eaa-wsm.pl\/wp-content\/uploads\/2024\/07\/obraz-2.png\" alt=\"\" class=\"wp-image-1871\"\/><\/figure>\n","protected":false},"excerpt":{"rendered":"<p>The Development and Research on Innovative Vocational Education Skills DRIVES opracowuje rozwi\u0105zania w zakresie kapita\u0142u ludzkiego dla wszystkich poziom\u00f3w samochodowego \u0142a\u0144cucha warto\u015bci. Projekt zapewni rozwi\u0105zania w zakresie kapita\u0142u ludzkiego w ca\u0142ym \u0142a\u0144cuchu dostaw motoryzacyjnych poprzez utworzenie Sojuszu na rzecz Umiej\u0119tno\u015bci Sektora Motoryzacyjnego, obejmuj\u0105cego wszystkie poziomy \u0142a\u0144cucha warto\u015bci (produkcja pojazd\u00f3w, dostawcy samochod\u00f3w i sprzeda\u017c samochod\u00f3w oraz <a href=\"https:\/\/eaa-wsm.pl\/index.php\/projekty\/drives\/\" rel=\"nofollow\"><span class=\"sr-only\">Read more about DRIVES<\/span>[&hellip;]<\/a><\/p>\n","protected":false},"author":2,"featured_media":0,"parent":1393,"menu_order":5,"comment_status":"closed","ping_status":"closed","template":"","meta":{"footnotes":""},"class_list":["post-1845","page","type-page","status-publish","hentry"],"_links":{"self":[{"href":"https:\/\/eaa-wsm.pl\/index.php\/wp-json\/wp\/v2\/pages\/1845","targetHints":{"allow":["GET"]}}],"collection":[{"href":"https:\/\/eaa-wsm.pl\/index.php\/wp-json\/wp\/v2\/pages"}],"about":[{"href":"https:\/\/eaa-wsm.pl\/index.php\/wp-json\/wp\/v2\/types\/page"}],"author":[{"embeddable":true,"href":"https:\/\/eaa-wsm.pl\/index.php\/wp-json\/wp\/v2\/users\/2"}],"replies":[{"embeddable":true,"href":"https:\/\/eaa-wsm.pl\/index.php\/wp-json\/wp\/v2\/comments?post=1845"}],"version-history":[{"count":10,"href":"https:\/\/eaa-wsm.pl\/index.php\/wp-json\/wp\/v2\/pages\/1845\/revisions"}],"predecessor-version":[{"id":1952,"href":"https:\/\/eaa-wsm.pl\/index.php\/wp-json\/wp\/v2\/pages\/1845\/revisions\/1952"}],"up":[{"embeddable":true,"href":"https:\/\/eaa-wsm.pl\/index.php\/wp-json\/wp\/v2\/pages\/1393"}],"wp:attachment":[{"href":"https:\/\/eaa-wsm.pl\/index.php\/wp-json\/wp\/v2\/media?parent=1845"}],"curies":[{"name":"wp","href":"https:\/\/api.w.org\/{rel}","templated":true}]}}