{"id":291,"date":"2020-01-16T10:26:28","date_gmt":"2020-01-16T09:26:28","guid":{"rendered":"http:\/\/eaa.sh176688.website.pl\/?page_id=291"},"modified":"2024-01-26T11:02:10","modified_gmt":"2024-01-26T10:02:10","slug":"pamisz-2","status":"publish","type":"page","link":"https:\/\/eaa-wsm.pl\/index.php\/en\/pamisz-2\/","title":{"rendered":"PROJECTS"},"content":{"rendered":"\n<p><strong>Podkarpackie Automotive Academy Innovative Vocational Education 1st and 2nd edition:<\/strong><\/p>\n\n\n\n<p> <blockquote class=\"wp-embedded-content\" data-secret=\"QOKHAyKcHg\"><a href=\"https:\/\/eaa-wsm.pl\/index.php\/pamisz\/\">PAMISZ<\/a><\/blockquote><iframe class=\"wp-embedded-content\" sandbox=\"allow-scripts\" security=\"restricted\" style=\"position: absolute; clip: rect(1px, 1px, 1px, 1px);\" title=\"&#8220;PAMISZ&#8221; &#8212; Wschodni Sojusz Motoryzacyjny  East Automotive Alliance\" src=\"https:\/\/eaa-wsm.pl\/index.php\/pamisz\/embed\/#?secret=TWCl3l3L5v#?secret=QOKHAyKcHg\" data-secret=\"QOKHAyKcHg\" width=\"600\" height=\"338\" frameborder=\"0\" marginwidth=\"0\" marginheight=\"0\" scrolling=\"no\"><\/iframe><\/p>\n\n\n\n<p><strong>A model of cooperation between a vocational school and an industry&#8217;s organisation:<\/strong><\/p>\n\n\n\n<p><blockquote class=\"wp-embedded-content\" data-secret=\"8wdLhVaXMJ\"><a href=\"https:\/\/eaa-wsm.pl\/index.php\/erazmus\/\">Model wsp\u00f3\u0142pracy szko\u0142y zawodowej z przemys\u0142em<\/a><\/blockquote><iframe class=\"wp-embedded-content\" sandbox=\"allow-scripts\" security=\"restricted\" style=\"position: absolute; clip: rect(1px, 1px, 1px, 1px);\" title=\"&#8220;Model wsp\u00f3\u0142pracy szko\u0142y zawodowej z przemys\u0142em&#8221; &#8212; Wschodni Sojusz Motoryzacyjny  East Automotive Alliance\" src=\"https:\/\/eaa-wsm.pl\/index.php\/erazmus\/embed\/#?secret=Lvl2FOCxON#?secret=8wdLhVaXMJ\" data-secret=\"8wdLhVaXMJ\" width=\"600\" height=\"338\" frameborder=\"0\" marginwidth=\"0\" marginheight=\"0\" scrolling=\"no\"><\/iframe><\/p>\n","protected":false},"excerpt":{"rendered":"<p>Podkarpackie Automotive Academy Innovative Vocational Education 1st and 2nd edition: PAMISZ A model of cooperation between a vocational school and an industry&#8217;s organisation: Model wsp\u00f3\u0142pracy szko\u0142y zawodowej z przemys\u0142em<\/p>\n","protected":false},"author":1,"featured_media":0,"parent":0,"menu_order":0,"comment_status":"closed","ping_status":"closed","template":"","meta":{"footnotes":""},"class_list":["post-291","page","type-page","status-publish","hentry"],"_links":{"self":[{"href":"https:\/\/eaa-wsm.pl\/index.php\/wp-json\/wp\/v2\/pages\/291","targetHints":{"allow":["GET"]}}],"collection":[{"href":"https:\/\/eaa-wsm.pl\/index.php\/wp-json\/wp\/v2\/pages"}],"about":[{"href":"https:\/\/eaa-wsm.pl\/index.php\/wp-json\/wp\/v2\/types\/page"}],"author":[{"embeddable":true,"href":"https:\/\/eaa-wsm.pl\/index.php\/wp-json\/wp\/v2\/users\/1"}],"replies":[{"embeddable":true,"href":"https:\/\/eaa-wsm.pl\/index.php\/wp-json\/wp\/v2\/comments?post=291"}],"version-history":[{"count":6,"href":"https:\/\/eaa-wsm.pl\/index.php\/wp-json\/wp\/v2\/pages\/291\/revisions"}],"predecessor-version":[{"id":1572,"href":"https:\/\/eaa-wsm.pl\/index.php\/wp-json\/wp\/v2\/pages\/291\/revisions\/1572"}],"wp:attachment":[{"href":"https:\/\/eaa-wsm.pl\/index.php\/wp-json\/wp\/v2\/media?parent=291"}],"curies":[{"name":"wp","href":"https:\/\/api.w.org\/{rel}","templated":true}]}}