{"id":538,"date":"2020-02-03T08:17:38","date_gmt":"2020-02-03T07:17:38","guid":{"rendered":"http:\/\/eaa-wsm.pl\/?page_id=538"},"modified":"2020-02-03T08:20:50","modified_gmt":"2020-02-03T07:20:50","slug":"538-2","status":"publish","type":"page","link":"https:\/\/eaa-wsm.pl\/index.php\/538-2\/","title":{"rendered":"Newsletter"},"content":{"rendered":"\n<div class=\"wp-block-themeisle-blocks-advanced-columns has-1-columns has-desktop-equal-layout has-tablet-equal-layout has-mobile-equal-layout has-default-gap has-vertical-unset\" id=\"wp-block-themeisle-blocks-advanced-columns-ad9f3b39\" style=\"border-width:0px;border-style:solid;border-color:#000000;border-radius:0px;justify-content:unset\"><div class=\"wp-themeisle-block-overlay\" style=\"opacity:0.5;mix-blend-mode:normal\"><\/div><div class=\"innerblocks-wrap\">\n<div class=\"wp-block-themeisle-blocks-advanced-column\" id=\"wp-block-themeisle-blocks-advanced-column-fd9bd544\" style=\"border-width:0px;border-style:solid;border-color:#000000;border-radius:0px\">\n<p><strong>B\u0105d\u017a na bie\u017c\u0105co z ofert\u0105 us\u0142ug i wydarze\u0144 EAA-WSM &#8211; zapisz si\u0119 do newslettera.<\/strong><\/p>\n\n\n\n<p>Regulamin<br> Wyra\u017cam zgod\u0119 na przetwarzanie moich danych osobowych przez  Stowarzyszenie Wschodni Sojusz Motoryzacyjny<br> Al. Warszawska 227B, Tarnobrzeg 39-400 , w celu komunikacji zwi\u0105zanej z wysy\u0142k\u0105 newslettera, archiwizacji danych oraz do cel\u00f3w marketingowo-reklamowych zwi\u0105zanych z dzia\u0142alno\u015bci\u0105 EAA-WSM i podmiot\u00f3w wsp\u00f3\u0142pracuj\u0105cych.<br> Zgodnie z ustaw\u0105 o ochronie danych osobowych (tekst jednolity Dz. U. z 2002 r. Nr 101, poz. 926 z p\u00f3\u017an. zmian.), mam prawo dost\u0119pu do tre\u015bci swoich danych, ich poprawiania a tak\u017ce \u017c\u0105dania zaprzestania przetwarzania moich danych osobowych. Podanie danych ma charakter dobrowolny.<br> Zgadzam si\u0119 na otrzymywanie informacji handlowych wysy\u0142anych przez EAA-WSM na wy\u017cej podany adres elektroniczny (e-mail) zgodnie z ustaw\u0105 o \u015bwiadczeniu us\u0142ug drog\u0105 elektroniczn\u0105 (tekst jednolity: Dz. U. 2013 r. poz. 1422). <\/p>\n\n\n\n<div class=\"widget_wysija_cont shortcode_wysija\"><div id=\"msg-form-wysija-shortcode69d2dfbcd7d50-1\" class=\"wysija-msg ajax\"><\/div><form id=\"form-wysija-shortcode69d2dfbcd7d50-1\" method=\"post\" action=\"#wysija\" class=\"widget_wysija shortcode_wysija\">\n<p class=\"wysija-paragraph\">\n    <label>Email <span class=\"wysija-required\">*<\/span><\/label>\n    \n    \t<input type=\"text\" name=\"wysija[user][email]\" class=\"wysija-input validate[required,custom[email]]\" title=\"Email\"  value=\"\" \/>\n    \n    \n    \n    <span class=\"abs-req\">\n        <input type=\"text\" name=\"wysija[user][abs][email]\" class=\"wysija-input validated[abs][email]\" value=\"\" \/>\n    <\/span>\n    \n<\/p>\n<p class=\"wysija-paragraph\">\n\t<label>Regulamin<\/label>\n\t<input type=\"hidden\" name=\"wysija[field][cf_1]\" value=\"0\" \/>\n    \n    \t<label class=\"wysija-checkbox-label\"><input type=\"checkbox\" class=\"wysija-checkbox validate[required]\" name=\"wysija[field][cf_1]\" value=\"1\"  \/>Akceptuje Regulamin<\/label>\n    \n<\/p>\n\r\n<input class=\"wysija-submit wysija-submit-field\" type=\"submit\" value=\"Zapisz si\u0119!\" \/>\n\n    <input type=\"hidden\" name=\"form_id\" value=\"1\" \/>\n    <input type=\"hidden\" name=\"action\" value=\"save\" \/>\n    <input type=\"hidden\" name=\"controller\" value=\"subscribers\" \/>\n    <input type=\"hidden\" value=\"1\" name=\"wysija-page\" \/>\n\n    \n        <input type=\"hidden\" name=\"wysija[user_list][list_ids]\" value=\"1\" \/>\n    \n <\/form><\/div>\n<\/div>\n<\/div><\/div>\n","protected":false},"excerpt":{"rendered":"","protected":false},"author":1,"featured_media":0,"parent":0,"menu_order":0,"comment_status":"closed","ping_status":"closed","template":"","meta":{"footnotes":""},"class_list":["post-538","page","type-page","status-publish","hentry"],"_links":{"self":[{"href":"https:\/\/eaa-wsm.pl\/index.php\/wp-json\/wp\/v2\/pages\/538","targetHints":{"allow":["GET"]}}],"collection":[{"href":"https:\/\/eaa-wsm.pl\/index.php\/wp-json\/wp\/v2\/pages"}],"about":[{"href":"https:\/\/eaa-wsm.pl\/index.php\/wp-json\/wp\/v2\/types\/page"}],"author":[{"embeddable":true,"href":"https:\/\/eaa-wsm.pl\/index.php\/wp-json\/wp\/v2\/users\/1"}],"replies":[{"embeddable":true,"href":"https:\/\/eaa-wsm.pl\/index.php\/wp-json\/wp\/v2\/comments?post=538"}],"version-history":[{"count":5,"href":"https:\/\/eaa-wsm.pl\/index.php\/wp-json\/wp\/v2\/pages\/538\/revisions"}],"predecessor-version":[{"id":1224,"href":"https:\/\/eaa-wsm.pl\/index.php\/wp-json\/wp\/v2\/pages\/538\/revisions\/1224"}],"wp:attachment":[{"href":"https:\/\/eaa-wsm.pl\/index.php\/wp-json\/wp\/v2\/media?parent=538"}],"curies":[{"name":"wp","href":"https:\/\/api.w.org\/{rel}","templated":true}]}}